{"id":160,"date":"2021-04-26T16:26:07","date_gmt":"2021-04-26T14:26:07","guid":{"rendered":"https:\/\/www.mb-personal-consulting.ch\/cms\/?p=160"},"modified":"2021-06-23T09:40:19","modified_gmt":"2021-06-23T07:40:19","slug":"fuer-unternehmen","status":"publish","type":"page","link":"https:\/\/www.mb-personal-consulting.ch\/cms\/index.php\/fuer-unternehmen\/","title":{"rendered":"F\u00fcr Unternehmen"},"content":{"rendered":"\n<p><strong>Mensch \u2013 Maschine \u2013 Umwelt<\/strong>. Wenn bis vor wenigen Jahren noch die Auffassung vorherrschte, dass die <strong>Arbeit des Menschen in der Zukunft<\/strong> von den Errungenschaften der Technik, der <strong>Digitalisierung <\/strong>abgel\u00f6st wird, erkennt man heute wieder mehr, dass <strong>der Mensch weiterhin eine und immer eine zentrale Rolle<\/strong> einnehmen wird. Der Mensch ist auch zuk\u00fcnftig eine <strong>unabdingbare Gr\u00f6sse<\/strong> <strong>und unbezifferbares Kapital<\/strong> f\u00fcr die Arbeitswelt sowie in der Umwelt.<\/p>\n\n\n\n<p>Auch die Zukunft braucht kompetente, f\u00e4hige und bef\u00e4higte MitarbeiterInnen. Sie m\u00fcssen mit der Komplexit\u00e4t der heutigen und zuk\u00fcnftigen Arbeitswelt und Umwelt professionell und souver\u00e4n umgehen k\u00f6nnen. Ihre Gesundheit und Resilienz sind unabdingbar wichtig. Als Mensch f\u00e4hig zu sein heisst auch als MitarbeiterIn und Mitmensch f\u00e4hig zu sein!<\/p>\n\n\n\n<p>Sehen Sie und Ihr Unternehmen dies auch so?<\/p>\n\n\n\n<p>Dann sind ich und die MB Personal Consulting GmbH Ihr Partner f\u00fcr die Entwicklung Ihrer MitarbeiterInnen und die Zukunft mit Zukunft f\u00fcr Ihr Unternehmen!<\/p>\n\n\n\n<p>Folgende Dienstleistungen stelle ich Ihnen zur Verf\u00fcgung:<br><\/p>\n\n\n\n<p>Coaching: F\u00fchrungscoaching, Einzel- und Teamentwicklung und Begleitung von Personen in gesundheitlich instabilen Lebens-Situationen<br>Consulting: Personalberatung \u2013 Suche von neuen Mitarbeitenden, Personal- und Organisationsentwicklung, Ver\u00e4nderungs- und Projekt-Management<br>Cooperation<br>Trainings und Weiterbildung im Bereich der F\u00fchrungs- und Pers\u00f6nlichkeitsentwicklung, Kommunikationstraining in verschiedenen Bereichen<br>Outplacement \/ Newplacement: Begleitung von Mitarbeitenden welche das Unternehmen auf dem Weg in ihre neue berufliche Zukunft verlassen \u2013 diese erfolgt \u00fcber einen erprobten und mehrfach erfolgreich durchlaufen Prozess<\/p>\n","protected":false},"excerpt":{"rendered":"<p>Mensch \u2013 Maschine \u2013 Umwelt. Wenn bis vor wenigen Jahren noch die Auffassung vorherrschte, dass die Arbeit des Menschen in der Zukunft von den Errungenschaften der Technik, der Digitalisierung abgel\u00f6st wird, erkennt man heute wieder mehr, dass der Mensch weiterhin eine und immer eine zentrale Rolle einnehmen wird. Der Mensch ist auch zuk\u00fcnftig eine unabdingbare &hellip; <a href=\"https:\/\/www.mb-personal-consulting.ch\/cms\/index.php\/fuer-unternehmen\/\" class=\"more-link\"><span class=\"screen-reader-text\">F\u00fcr Unternehmen<\/span> weiterlesen<\/a><\/p>\n","protected":false},"author":1,"featured_media":0,"parent":0,"menu_order":0,"comment_status":"closed","ping_status":"open","template":"","meta":{"footnotes":""},"class_list":["post-160","page","type-page","status-publish","hentry"],"_links":{"self":[{"href":"https:\/\/www.mb-personal-consulting.ch\/cms\/index.php\/wp-json\/wp\/v2\/pages\/160","targetHints":{"allow":["GET"]}}],"collection":[{"href":"https:\/\/www.mb-personal-consulting.ch\/cms\/index.php\/wp-json\/wp\/v2\/pages"}],"about":[{"href":"https:\/\/www.mb-personal-consulting.ch\/cms\/index.php\/wp-json\/wp\/v2\/types\/page"}],"author":[{"embeddable":true,"href":"https:\/\/www.mb-personal-consulting.ch\/cms\/index.php\/wp-json\/wp\/v2\/users\/1"}],"replies":[{"embeddable":true,"href":"https:\/\/www.mb-personal-consulting.ch\/cms\/index.php\/wp-json\/wp\/v2\/comments?post=160"}],"version-history":[{"count":9,"href":"https:\/\/www.mb-personal-consulting.ch\/cms\/index.php\/wp-json\/wp\/v2\/pages\/160\/revisions"}],"predecessor-version":[{"id":293,"href":"https:\/\/www.mb-personal-consulting.ch\/cms\/index.php\/wp-json\/wp\/v2\/pages\/160\/revisions\/293"}],"wp:attachment":[{"href":"https:\/\/www.mb-personal-consulting.ch\/cms\/index.php\/wp-json\/wp\/v2\/media?parent=160"}],"curies":[{"name":"wp","href":"https:\/\/api.w.org\/{rel}","templated":true}]}}