{"id":198,"date":"2021-04-28T10:09:53","date_gmt":"2021-04-28T08:09:53","guid":{"rendered":"https:\/\/www.mb-personal-consulting.ch\/cms\/?p=198"},"modified":"2025-07-30T10:33:25","modified_gmt":"2025-07-30T08:33:25","slug":"seminarangebot-fuer-unternehmen","status":"publish","type":"page","link":"https:\/\/www.mb-personal-consulting.ch\/cms\/index.php\/seminarangebot-fuer-unternehmen\/","title":{"rendered":"Seminarangebot f\u00fcr Unternehmen"},"content":{"rendered":"\n<h3 class=\"wp-block-heading\"><strong>Der &#171;Ent-Wicklungstag&#187; f\u00fcr Sie und Ihre Mitarbeitenden<\/strong><\/h3>\n\n\n\n<p><em>Es freut\u00a0 mich sehr, dass Sie mein \u00abEnt-Wicklungstag\u00bb interessiert.<\/em><br><em><br>Sie und Ihrer Mitarbenden k\u00f6nnen den Prozess des Ent-Wicklungstages auch in einem <strong>Einzelsetting<\/strong> bei mir in der Praxis durchlaufen. Hierf\u00fcr bitte ich Sie sich bei mir zu auf <strong>079 322 67 82<\/strong> melden.<br><\/em><br><strong>\u00abMeine Arbeitswelt ver\u00e4ndert sich \u2013 und ICH?!\u00bb<\/strong><\/p>\n\n\n\n<p>Die Arbeitswelt befindet sich in einem grossen strukturellen Wandel. Wir alle sind aufgefordert, diesem zu folgen und uns mit den daraus resultierenden Ver\u00e4nderungen anzufreunden. Das Warnehmen der Eigenverantwortung und eine eingehende Selbstreflexion werden f\u00fcr alle k\u00fcnftig noch wichtiger sein. Welche Auswirkungen dieser Wandel f\u00fcr uns Menschen haben wird, k\u00f6nnen wir noch nicht in der ganzen Tragweite absch\u00e4tzen. Als zukunftsorientierte F\u00fchrungspeson besch\u00e4ftigt es Sie vermutlich, was der Wandel der Arbeitswelt f\u00fcr Ihr Unternehmen, Ihre Mitarbeitenden und f\u00fcr Sie selbst bedeutet.<\/p>\n\n\n\n<p>Machen Sie sich Gedanken<\/p>\n\n\n\n<ul class=\"wp-block-list\">\n<li>wie Sie Ihre Mitarbeitenden in die laufenden, vielschichtigen Ver\u00e4nderungsprozesse einbinden k\u00f6nnen?<\/li>\n\n\n\n<li>wie Sie Ihre Mitarbeitenden vermehrt zum Wahrnehmen von Eigenverantwortung und zur Selbstreflexion bewegen k\u00f6nnen?<\/li>\n\n\n\n<li>wie Sie ihnen Gelegenheit schaffen k\u00f6nnen, sich mit ihrer pers\u00f6nlichen und beruflichen Situation sowie der Zukunft auseinanderzusetzen und wie sie in ihrer Eigenverantwortung zu st\u00e4rken?<\/li>\n<\/ul>\n\n\n\n<p>Antworten auf diese Fragen bietet der zukunftsorientierte <strong>\u00abEnt-Wicklungstag\u00bb<\/strong>.<\/p>\n\n\n\n<figure class=\"wp-block-image size-large\"><img loading=\"lazy\" decoding=\"async\" width=\"1024\" height=\"681\" src=\"https:\/\/www.mb-personal-consulting.ch\/cms\/wp-content\/uploads\/2021\/04\/2012_aussicht_3.jpg\" alt=\"\" class=\"wp-image-202\" srcset=\"https:\/\/www.mb-personal-consulting.ch\/cms\/wp-content\/uploads\/2021\/04\/2012_aussicht_3.jpg 1024w, https:\/\/www.mb-personal-consulting.ch\/cms\/wp-content\/uploads\/2021\/04\/2012_aussicht_3-300x200.jpg 300w, https:\/\/www.mb-personal-consulting.ch\/cms\/wp-content\/uploads\/2021\/04\/2012_aussicht_3-768x511.jpg 768w\" sizes=\"auto, (max-width: 1024px) 100vw, 1024px\" \/><\/figure>\n\n\n\n<p>F\u00fcr eine Pause auf Ihrem Lebensweg.<\/p>\n","protected":false},"excerpt":{"rendered":"<p>Der &#171;Ent-Wicklungstag&#187; f\u00fcr Sie und Ihre Mitarbeitenden Es freut\u00a0 mich sehr, dass Sie mein \u00abEnt-Wicklungstag\u00bb interessiert.Sie und Ihrer Mitarbenden k\u00f6nnen den Prozess des Ent-Wicklungstages auch in einem Einzelsetting bei mir in der Praxis durchlaufen. Hierf\u00fcr bitte ich Sie sich bei mir zu auf 079 322 67 82 melden.\u00abMeine Arbeitswelt ver\u00e4ndert sich \u2013 und ICH?!\u00bb Die &hellip; <a href=\"https:\/\/www.mb-personal-consulting.ch\/cms\/index.php\/seminarangebot-fuer-unternehmen\/\" class=\"more-link\"><span class=\"screen-reader-text\">Seminarangebot f\u00fcr Unternehmen<\/span> weiterlesen<\/a><\/p>\n","protected":false},"author":1,"featured_media":0,"parent":0,"menu_order":0,"comment_status":"closed","ping_status":"open","template":"","meta":{"footnotes":""},"class_list":["post-198","page","type-page","status-publish","hentry"],"_links":{"self":[{"href":"https:\/\/www.mb-personal-consulting.ch\/cms\/index.php\/wp-json\/wp\/v2\/pages\/198","targetHints":{"allow":["GET"]}}],"collection":[{"href":"https:\/\/www.mb-personal-consulting.ch\/cms\/index.php\/wp-json\/wp\/v2\/pages"}],"about":[{"href":"https:\/\/www.mb-personal-consulting.ch\/cms\/index.php\/wp-json\/wp\/v2\/types\/page"}],"author":[{"embeddable":true,"href":"https:\/\/www.mb-personal-consulting.ch\/cms\/index.php\/wp-json\/wp\/v2\/users\/1"}],"replies":[{"embeddable":true,"href":"https:\/\/www.mb-personal-consulting.ch\/cms\/index.php\/wp-json\/wp\/v2\/comments?post=198"}],"version-history":[{"count":11,"href":"https:\/\/www.mb-personal-consulting.ch\/cms\/index.php\/wp-json\/wp\/v2\/pages\/198\/revisions"}],"predecessor-version":[{"id":1013,"href":"https:\/\/www.mb-personal-consulting.ch\/cms\/index.php\/wp-json\/wp\/v2\/pages\/198\/revisions\/1013"}],"wp:attachment":[{"href":"https:\/\/www.mb-personal-consulting.ch\/cms\/index.php\/wp-json\/wp\/v2\/media?parent=198"}],"curies":[{"name":"wp","href":"https:\/\/api.w.org\/{rel}","templated":true}]}}