{"id":204,"date":"2021-04-28T10:16:18","date_gmt":"2021-04-28T08:16:18","guid":{"rendered":"https:\/\/www.mb-personal-consulting.ch\/cms\/?p=204"},"modified":"2021-07-06T11:59:07","modified_gmt":"2021-07-06T09:59:07","slug":"seminarangebot-fuer-privatpersonen","status":"publish","type":"page","link":"https:\/\/www.mb-personal-consulting.ch\/cms\/index.php\/seminarangebot-fuer-privatpersonen\/","title":{"rendered":"Seminarangebot f\u00fcr Privatpersonen"},"content":{"rendered":"\n<h3 class=\"wp-block-heading\"><strong>\u00abMeine Arbeitswelt ver\u00e4ndert sich \u2013 und ICH?!\u00bb<\/strong><\/h3>\n\n\n\n<p><em>Es freut mich sehr, dass Sie mein \u00abEnt-Wicklungstag\u00bb interessiert.<br><br>Aus aktueller Situation werde ich leider <strong>bis auf weiteres keine Kurse<\/strong> durchf\u00fchren. Die neuen Daten werden baldm\u00f6glichst, wenn es die Situation erlaubt, wieder hier auf dieser Seite ersichtlich sein.<br>&nbsp;<br>Sie k\u00f6nnen aber den Prozess des Ent-Wicklungstages auch in einem Einzelsetting bei mir in der Praxis durchlaufen. Hierf\u00fcr bitte ich Sie sich bei mir zu auf 079 322 67 82 melden.<br>&nbsp;<br><strong>Ich freue mich auf Sie, weitere Kurse und w\u00fcnsche Ihnen sehr gute Gesundheit und viel Zuversicht!<\/strong><\/em><\/p>\n\n\n\n<p>Die Arbeitswelt befindet sich in einem grossen strukturellen Wandel. Wir alle sind davon betroffen, m\u00fcssen diesem folgen und uns mit den daraus resultierenden Ver\u00e4nderungen anfreunden.<br><br>Welche Auswirkungen dieser Wandel f\u00fcr uns Menschen haben wird, k\u00f6nnen wir noch nicht in der ganzen Tragweite absch\u00e4tzen.<br><br>Sie stellen sich vielleicht Fragen wie\u2026.<br><br>\u2026 wohin soll mein Weg beruflich und privat gehen?<br><br>\u2026 welche Zukunftsperspektiven habe ich?<br><br>\u2026 wie kann ich mein Privat- und Arbeitsleben besser gestalten?<br><br>\u2026 wie kann ich bei diesem laufenden und vielschichtigen Strukturwandel mithalten?<br><br>\u2026 welche Chancen und M\u00f6glichkeiten bieten sich mir heute und in Zukunft?<br><br>\u2026 welche Ressourcen habe ich und wo muss ich Unterst\u00fctzung holen?<br><\/p>\n\n\n\n<figure class=\"wp-block-image size-large is-resized\"><img loading=\"lazy\" decoding=\"async\" src=\"https:\/\/www.mb-personal-consulting.ch\/cms\/wp-content\/uploads\/2021\/04\/2012_aussicht_3.jpg\" alt=\"\" class=\"wp-image-202\" width=\"547\" height=\"363\" srcset=\"https:\/\/www.mb-personal-consulting.ch\/cms\/wp-content\/uploads\/2021\/04\/2012_aussicht_3.jpg 1024w, https:\/\/www.mb-personal-consulting.ch\/cms\/wp-content\/uploads\/2021\/04\/2012_aussicht_3-300x200.jpg 300w, https:\/\/www.mb-personal-consulting.ch\/cms\/wp-content\/uploads\/2021\/04\/2012_aussicht_3-768x511.jpg 768w\" sizes=\"auto, (max-width: 547px) 100vw, 547px\" \/><\/figure>\n\n\n\n<p>F\u00fcr eine Pause auf Ihrem Lebensweg.<\/p>\n\n\n\n<h2 class=\"wp-block-heading\">Der Entwicklungstag<\/h2>\n\n\n\n<p>W\u00e4hrend dieses <strong>Entwicklungstages<\/strong> befassen Sie sich mit\u2026.<br><br>\u2026 einer realistischen Einsch\u00e4tzung der eigenen Ressourcen<br><br>\u2026 der pers\u00f6nlichen \u00d6ffnung gegen\u00fcber Neuem und eventuell Unbekanntem<br><br>\u2026 dem Fokussieren auf sinnvolle Ziele und Werte<br><br>An diesem Entwicklungstag nehmen Menschen teil, welche sich einen ganzen Tag lang intensiv mit sich selber und ihrem eigenen verantwortlichen Handeln f\u00fcr ihre Zukunft auseinandersetzen wollen.<br><br>Die Teilnehmenden durchlaufen in Eigenverantwortung einen von der Seminarleitung gef\u00fchrten und begleiteten Prozess, der auf der \u00abTheorie U\u00bb nach Dr. C. Otto Scharmer basiert. In neun Sequenzen durchlaufen Sie den Weg vom IST-Zustand bis zur Vorbereitung des eigenen Commitments zur Umsetzung Ihrer zuk\u00fcnftigen Aktionen, Ziele und Ihres Weges in Ihre Zukunft.<br><br>Nebst dem Hauptprozess werden pro Sequenz Informationen, Selbstchecks und Inputs zu Themen wie Resilienz, Ressourcen-Aktivierung, Burnout usw. eingebunden und erl\u00e4utert.<br><br>W\u00e4hrend des Prozesses gibt es gen\u00fcgend Raum f\u00fcr die Besprechung von Anliegen und Ideen der Teilnehmenden. Der Austausch unter den Teilnehmenden im Plenum ist gew\u00fcnscht und wichtiger Bestandteil des Prozesses.<\/p>\n\n\n\n<p>Der Tag wird ab 5 bis max. 15 Teilnehmenden durchgef\u00fchrt. Der Anbieter beh\u00e4lt sich das Recht vor, Kurse abzusagen oder diese an einem anderen der aufgef\u00fchrten Standorte durchzuf\u00fchren.<br><br><strong>Kosten:<\/strong><br>CHF 390.- inkl. Verpflegung w\u00e4hrend dem Entwicklungstag und Seminarunterlagen \/ Vorauszahlung auf Rechnung vor Beginn des Entwicklungstages<br><strong><br>Dauer:<\/strong><br>Der Entwicklungstag beginnt um 08.30 Uhr und endet um ca. 17 Uhr<br><br>Haben Sie Fragen zum Entwicklungstag?<br>Sie erreichen mich via Telefon 041 360 31 30,\u00a0Mobile 079 322 67 82 oder per Mail via <a href=\"mailto:willkommen@MB-Personal-Consulting.ch\">willkommen@MB-Personal-Consulting.ch<\/a><\/p>\n\n\n\n<p>Ich freue mich auf Ihre Kontaktaufnahme.<br><br>Freundliche Gr\u00fcsse<br>Markus Bieri<br><\/p>\n\n\n\n<figure class=\"wp-block-image size-large\"><img loading=\"lazy\" decoding=\"async\" width=\"1024\" height=\"717\" src=\"https:\/\/www.mb-personal-consulting.ch\/cms\/wp-content\/uploads\/2021\/04\/theorie_u_juli_04-1024x717.png\" alt=\"\" class=\"wp-image-152\" srcset=\"https:\/\/www.mb-personal-consulting.ch\/cms\/wp-content\/uploads\/2021\/04\/theorie_u_juli_04-1024x717.png 1024w, https:\/\/www.mb-personal-consulting.ch\/cms\/wp-content\/uploads\/2021\/04\/theorie_u_juli_04-300x210.png 300w, https:\/\/www.mb-personal-consulting.ch\/cms\/wp-content\/uploads\/2021\/04\/theorie_u_juli_04-768x538.png 768w, https:\/\/www.mb-personal-consulting.ch\/cms\/wp-content\/uploads\/2021\/04\/theorie_u_juli_04.png 1428w\" sizes=\"auto, (max-width: 1024px) 100vw, 1024px\" \/><\/figure>\n\n\n\n<p>in 9 Schritten zu neuen Zielen<\/p>\n","protected":false},"excerpt":{"rendered":"<p>\u00abMeine Arbeitswelt ver\u00e4ndert sich \u2013 und ICH?!\u00bb Es freut mich sehr, dass Sie mein \u00abEnt-Wicklungstag\u00bb interessiert. Aus aktueller Situation werde ich leider bis auf weiteres keine Kurse durchf\u00fchren. Die neuen Daten werden baldm\u00f6glichst, wenn es die Situation erlaubt, wieder hier auf dieser Seite ersichtlich sein.&nbsp;Sie k\u00f6nnen aber den Prozess des Ent-Wicklungstages auch in einem Einzelsetting &hellip; <a href=\"https:\/\/www.mb-personal-consulting.ch\/cms\/index.php\/seminarangebot-fuer-privatpersonen\/\" class=\"more-link\"><span class=\"screen-reader-text\">Seminarangebot f\u00fcr Privatpersonen<\/span> weiterlesen<\/a><\/p>\n","protected":false},"author":1,"featured_media":0,"parent":0,"menu_order":0,"comment_status":"closed","ping_status":"open","template":"","meta":{"footnotes":""},"class_list":["post-204","page","type-page","status-publish","hentry"],"_links":{"self":[{"href":"https:\/\/www.mb-personal-consulting.ch\/cms\/index.php\/wp-json\/wp\/v2\/pages\/204","targetHints":{"allow":["GET"]}}],"collection":[{"href":"https:\/\/www.mb-personal-consulting.ch\/cms\/index.php\/wp-json\/wp\/v2\/pages"}],"about":[{"href":"https:\/\/www.mb-personal-consulting.ch\/cms\/index.php\/wp-json\/wp\/v2\/types\/page"}],"author":[{"embeddable":true,"href":"https:\/\/www.mb-personal-consulting.ch\/cms\/index.php\/wp-json\/wp\/v2\/users\/1"}],"replies":[{"embeddable":true,"href":"https:\/\/www.mb-personal-consulting.ch\/cms\/index.php\/wp-json\/wp\/v2\/comments?post=204"}],"version-history":[{"count":10,"href":"https:\/\/www.mb-personal-consulting.ch\/cms\/index.php\/wp-json\/wp\/v2\/pages\/204\/revisions"}],"predecessor-version":[{"id":376,"href":"https:\/\/www.mb-personal-consulting.ch\/cms\/index.php\/wp-json\/wp\/v2\/pages\/204\/revisions\/376"}],"wp:attachment":[{"href":"https:\/\/www.mb-personal-consulting.ch\/cms\/index.php\/wp-json\/wp\/v2\/media?parent=204"}],"curies":[{"name":"wp","href":"https:\/\/api.w.org\/{rel}","templated":true}]}}