{"id":209,"date":"2021-04-28T10:22:30","date_gmt":"2021-04-28T08:22:30","guid":{"rendered":"https:\/\/www.mb-personal-consulting.ch\/cms\/?p=209"},"modified":"2024-11-25T12:53:07","modified_gmt":"2024-11-25T11:53:07","slug":"zur-person","status":"publish","type":"page","link":"https:\/\/www.mb-personal-consulting.ch\/cms\/index.php\/zur-person\/","title":{"rendered":"Zur Person"},"content":{"rendered":"\n<p>Markus Bieri \/ 1967 \/ Vater einer erwachsenen Tochter<br><br><br>Hobbies: Ausdauersport \/ Kultur \/ Musik \/ Philosophie \/ Lebenskunst \/ Tango tanzen<br><br><br>Lehrbeauftragter an der Fachhochschule Nordwestschweiz, <a href=\"http:\/\/www.fhnw.ch\" target=\"_blank\" rel=\"noreferrer noopener\">www.fhnw.ch<\/a><br><br>Fachlehrer f\u00fcr Wirtschaftswochen an Gymnasien, <a href=\"http:\/\/www.esst.ch\/\" target=\"_blank\" rel=\"noreferrer noopener\">Ernst Schmidheiny Stiftung<\/a><\/p>\n\n\n\n<p>Lehrsupervisor f\u00fcr die <a href=\"https:\/\/www.hfpberatung.ch\/\" target=\"_blank\" rel=\"noreferrer noopener\">H\u00f6here Fachpr\u00fcfung f\u00fcr Beratungspersonen<\/a><\/p>\n\n\n\n<p>Mitglied:<br><br>Berufsverband f\u00fcr Coaching, Supervision, Organisationsberatung, <a href=\"http:\/\/www.bso.ch\/\" target=\"_blank\" rel=\"noreferrer noopener\">www.bso.ch<\/a><\/p>\n\n\n\n<p>Industrie- und Handelskammer Zentralschweiz, <a href=\"http:\/\/www.ihz.ch\" target=\"_blank\" rel=\"noreferrer noopener\">www.ihz.ch<\/a><\/p>\n\n\n\n<p>SVC &#8211; Swiss Venture Club, <a href=\"http:\/\/www.swiss-venture-club.ch\" target=\"_blank\" rel=\"noreferrer noopener\">www.swiss-venture-club.ch<\/a><\/p>\n\n\n\n<p>Z\u00fcrcher Gesellschaft f\u00fcr Personal-Management, <a rel=\"noreferrer noopener\" href=\"http:\/\/www.zgp.ch\/\" target=\"_blank\">www.zgp.ch<\/a><br><br>Swiss Leaders SKO, <a rel=\"noreferrer noopener\" href=\"https:\/\/www.swissleaders.ch\" target=\"_blank\">www.swissleaders.ch<\/a><\/p>\n\n\n\n<p>Lions Club Luzern-Hof, <a rel=\"noreferrer noopener\" href=\"https:\/\/luzern-hof.lionsclub.ch\" target=\"_blank\">luzern-hof.lionsclub.ch<\/a><\/p>\n\n\n\n<p>Wirtschaftsverband Stadt Luzern, <a href=\"https:\/\/www.wvl.ch\/\" data-type=\"link\" data-id=\"https:\/\/www.wvl.ch\/\" target=\"_blank\" rel=\"noreferrer noopener\">www.wvl.ch<\/a><\/p>\n","protected":false},"excerpt":{"rendered":"<p>Markus Bieri \/ 1967 \/ Vater einer erwachsenen Tochter Hobbies: Ausdauersport \/ Kultur \/ Musik \/ Philosophie \/ Lebenskunst \/ Tango tanzen Lehrbeauftragter an der Fachhochschule Nordwestschweiz, www.fhnw.ch Fachlehrer f\u00fcr Wirtschaftswochen an Gymnasien, Ernst Schmidheiny Stiftung Lehrsupervisor f\u00fcr die H\u00f6here Fachpr\u00fcfung f\u00fcr Beratungspersonen Mitglied: Berufsverband f\u00fcr Coaching, Supervision, Organisationsberatung, www.bso.ch Industrie- und Handelskammer Zentralschweiz, www.ihz.ch &hellip; <a href=\"https:\/\/www.mb-personal-consulting.ch\/cms\/index.php\/zur-person\/\" class=\"more-link\"><span class=\"screen-reader-text\">Zur Person<\/span> weiterlesen<\/a><\/p>\n","protected":false},"author":1,"featured_media":0,"parent":0,"menu_order":0,"comment_status":"closed","ping_status":"open","template":"","meta":{"footnotes":""},"class_list":["post-209","page","type-page","status-publish","hentry"],"_links":{"self":[{"href":"https:\/\/www.mb-personal-consulting.ch\/cms\/index.php\/wp-json\/wp\/v2\/pages\/209","targetHints":{"allow":["GET"]}}],"collection":[{"href":"https:\/\/www.mb-personal-consulting.ch\/cms\/index.php\/wp-json\/wp\/v2\/pages"}],"about":[{"href":"https:\/\/www.mb-personal-consulting.ch\/cms\/index.php\/wp-json\/wp\/v2\/types\/page"}],"author":[{"embeddable":true,"href":"https:\/\/www.mb-personal-consulting.ch\/cms\/index.php\/wp-json\/wp\/v2\/users\/1"}],"replies":[{"embeddable":true,"href":"https:\/\/www.mb-personal-consulting.ch\/cms\/index.php\/wp-json\/wp\/v2\/comments?post=209"}],"version-history":[{"count":7,"href":"https:\/\/www.mb-personal-consulting.ch\/cms\/index.php\/wp-json\/wp\/v2\/pages\/209\/revisions"}],"predecessor-version":[{"id":989,"href":"https:\/\/www.mb-personal-consulting.ch\/cms\/index.php\/wp-json\/wp\/v2\/pages\/209\/revisions\/989"}],"wp:attachment":[{"href":"https:\/\/www.mb-personal-consulting.ch\/cms\/index.php\/wp-json\/wp\/v2\/media?parent=209"}],"curies":[{"name":"wp","href":"https:\/\/api.w.org\/{rel}","templated":true}]}}