{"id":211,"date":"2021-04-28T10:23:10","date_gmt":"2021-04-28T08:23:10","guid":{"rendered":"https:\/\/www.mb-personal-consulting.ch\/cms\/?p=211"},"modified":"2021-06-23T09:21:27","modified_gmt":"2021-06-23T07:21:27","slug":"persoenliche-grundhaltung","status":"publish","type":"page","link":"https:\/\/www.mb-personal-consulting.ch\/cms\/index.php\/persoenliche-grundhaltung\/","title":{"rendered":"pers\u00f6nliche Grundhaltung"},"content":{"rendered":"\n<p>\u00ab<strong>Der Mensch im Zentrum f\u00fcr<\/strong> eine Zukunft mit Zukunft\u00bb ist seit vielen Jahren mein Leitsatz im Beruf wie im Alltag. Ich glaube und bin fest davon \u00fcberzeugt, dass jeder Mensch und jede Organisation in sich selber gen\u00fcgend Kraft und Ressourcen f\u00fcr Ver\u00e4nderungen mit sich tr\u00e4gt. Oftmals braucht es\u00a0Impulse von aussen, welche den Menschen oder eine Organisation ermutigt erste Schritte zu unternehmen, einen neuen Weg zu gehen.<br><br><\/p>\n\n\n\n<p>Ich sehe mich als Ihr Impulsgeber, Begleiter und will Sie, zusammen mit Ihnen, bef\u00e4higen, Ihren Weg gehen zu.<\/p>\n","protected":false},"excerpt":{"rendered":"<p>\u00abDer Mensch im Zentrum f\u00fcr eine Zukunft mit Zukunft\u00bb ist seit vielen Jahren mein Leitsatz im Beruf wie im Alltag. Ich glaube und bin fest davon \u00fcberzeugt, dass jeder Mensch und jede Organisation in sich selber gen\u00fcgend Kraft und Ressourcen f\u00fcr Ver\u00e4nderungen mit sich tr\u00e4gt. Oftmals braucht es\u00a0Impulse von aussen, welche den Menschen oder eine &hellip; <a href=\"https:\/\/www.mb-personal-consulting.ch\/cms\/index.php\/persoenliche-grundhaltung\/\" class=\"more-link\"><span class=\"screen-reader-text\">pers\u00f6nliche Grundhaltung<\/span> weiterlesen<\/a><\/p>\n","protected":false},"author":1,"featured_media":0,"parent":0,"menu_order":0,"comment_status":"closed","ping_status":"closed","template":"","meta":{"footnotes":""},"class_list":["post-211","page","type-page","status-publish","hentry"],"_links":{"self":[{"href":"https:\/\/www.mb-personal-consulting.ch\/cms\/index.php\/wp-json\/wp\/v2\/pages\/211","targetHints":{"allow":["GET"]}}],"collection":[{"href":"https:\/\/www.mb-personal-consulting.ch\/cms\/index.php\/wp-json\/wp\/v2\/pages"}],"about":[{"href":"https:\/\/www.mb-personal-consulting.ch\/cms\/index.php\/wp-json\/wp\/v2\/types\/page"}],"author":[{"embeddable":true,"href":"https:\/\/www.mb-personal-consulting.ch\/cms\/index.php\/wp-json\/wp\/v2\/users\/1"}],"replies":[{"embeddable":true,"href":"https:\/\/www.mb-personal-consulting.ch\/cms\/index.php\/wp-json\/wp\/v2\/comments?post=211"}],"version-history":[{"count":2,"href":"https:\/\/www.mb-personal-consulting.ch\/cms\/index.php\/wp-json\/wp\/v2\/pages\/211\/revisions"}],"predecessor-version":[{"id":286,"href":"https:\/\/www.mb-personal-consulting.ch\/cms\/index.php\/wp-json\/wp\/v2\/pages\/211\/revisions\/286"}],"wp:attachment":[{"href":"https:\/\/www.mb-personal-consulting.ch\/cms\/index.php\/wp-json\/wp\/v2\/media?parent=211"}],"curies":[{"name":"wp","href":"https:\/\/api.w.org\/{rel}","templated":true}]}}