{"id":52,"date":"2021-04-14T12:25:36","date_gmt":"2021-04-14T10:25:36","guid":{"rendered":"https:\/\/www.mb-personal-consulting.ch\/cms\/?p=52"},"modified":"2021-06-23T09:35:30","modified_gmt":"2021-06-23T07:35:30","slug":"fuer-privatpersonen","status":"publish","type":"page","link":"https:\/\/www.mb-personal-consulting.ch\/cms\/index.php\/fuer-privatpersonen\/","title":{"rendered":"F\u00fcr Privatpersonen"},"content":{"rendered":"\n<p>Die Bildhauer pflegen zu sagen: \u00abin jedem Stein ist die Figur bereits vorhanden und gegeben. Sie muss nur herausgehauen werden!\u00bb<br><br>So ist es aus meiner eigenen und pers\u00f6nlichen Erfahrung auch mit den Menschen.<br>\u00a0<br>Ich glaube und bin davon \u00fcberzeugt, dass mit dem richtigen Anstoss und Impuls jeder Mensch seinen eigenen und ihm entsprechenden Weg &#8211; wenn er will und dazu bereit ist &#8211; findet und begehen kann.<br><br>Mit Herz \u2013 Verstand \u2013 Hand! Diese Worte vom grossen Schweizer P\u00e4dagogen, Johann Heinrich Pestalozzi, sind auch meine Leitworte bei meiner Arbeit und ich wende diese tagt\u00e4glich sehr gerne an.<br><br>M\u00f6chten Sie Ihr Leben, Ihre Aufgaben und Ihre Arbeit auch mit mehr Herz gestalten?<br><br>Darf ich Sie auf Ihrem Weg in die <strong>Zukunft mit Zukunft<\/strong> begleiten?<\/p>\n\n\n\n<p>M\u00f6chten Sie:<\/p>\n\n\n\n<ul class=\"wp-block-list\"><li>Ihren eigenen und vielleicht neuen Lebensweg begehen?<\/li><li>Ihre \u00abLebensvision\u00bb und Ihre pers\u00f6nliche \u00abLebensidee\u00bb entwickeln und umsetzen?<\/li><li>sich einen Lebenswunsch erf\u00fcllen?<\/li><li>etwas \u00e4ndern in Ihrem Leben?<\/li><li>Entwicklungsschritte machen und wissen nicht, wie sie beginnen sollen?<\/li><li>Neue Perspektiven und Strategien entwickeln?<\/li><li>Ihr \u00abinneres und \u00e4usseres\u00bb Leben ver\u00e4ndern und Ihre Lebensqualit\u00e4t verbessern?<\/li><li>Ihre \u00abWork-Life-Balance\u00bb verbessern?<\/li><li>sich beruflich ver\u00e4ndern?<\/li><li>Ihren Bewerbungsprozess verbessern und optimieren?<\/li><li>ein Bewerbungs-Coaching?<\/li><li>eine Standortbestimmung &#8211; mit unserem Ent-Wicklungstag im Einzel- oder Gruppensetting -durchf\u00fchren und erleben? Ihr eigenes Kommunikations- und Konfliktverhalten verbessern?<\/li><li>besser und ohne Angst vor Menschen auftreten und Vortr\u00e4ge gestalten k\u00f6nnen?<\/li><\/ul>\n","protected":false},"excerpt":{"rendered":"<p>Die Bildhauer pflegen zu sagen: \u00abin jedem Stein ist die Figur bereits vorhanden und gegeben. Sie muss nur herausgehauen werden!\u00bb So ist es aus meiner eigenen und pers\u00f6nlichen Erfahrung auch mit den Menschen.\u00a0Ich glaube und bin davon \u00fcberzeugt, dass mit dem richtigen Anstoss und Impuls jeder Mensch seinen eigenen und ihm entsprechenden Weg &#8211; wenn &hellip; <a href=\"https:\/\/www.mb-personal-consulting.ch\/cms\/index.php\/fuer-privatpersonen\/\" class=\"more-link\"><span class=\"screen-reader-text\">F\u00fcr Privatpersonen<\/span> weiterlesen<\/a><\/p>\n","protected":false},"author":1,"featured_media":0,"parent":0,"menu_order":0,"comment_status":"closed","ping_status":"open","template":"","meta":{"footnotes":""},"class_list":["post-52","page","type-page","status-publish","hentry"],"_links":{"self":[{"href":"https:\/\/www.mb-personal-consulting.ch\/cms\/index.php\/wp-json\/wp\/v2\/pages\/52","targetHints":{"allow":["GET"]}}],"collection":[{"href":"https:\/\/www.mb-personal-consulting.ch\/cms\/index.php\/wp-json\/wp\/v2\/pages"}],"about":[{"href":"https:\/\/www.mb-personal-consulting.ch\/cms\/index.php\/wp-json\/wp\/v2\/types\/page"}],"author":[{"embeddable":true,"href":"https:\/\/www.mb-personal-consulting.ch\/cms\/index.php\/wp-json\/wp\/v2\/users\/1"}],"replies":[{"embeddable":true,"href":"https:\/\/www.mb-personal-consulting.ch\/cms\/index.php\/wp-json\/wp\/v2\/comments?post=52"}],"version-history":[{"count":5,"href":"https:\/\/www.mb-personal-consulting.ch\/cms\/index.php\/wp-json\/wp\/v2\/pages\/52\/revisions"}],"predecessor-version":[{"id":297,"href":"https:\/\/www.mb-personal-consulting.ch\/cms\/index.php\/wp-json\/wp\/v2\/pages\/52\/revisions\/297"}],"wp:attachment":[{"href":"https:\/\/www.mb-personal-consulting.ch\/cms\/index.php\/wp-json\/wp\/v2\/media?parent=52"}],"curies":[{"name":"wp","href":"https:\/\/api.w.org\/{rel}","templated":true}]}}