{"id":54,"date":"2021-04-14T12:25:36","date_gmt":"2021-04-14T10:25:36","guid":{"rendered":"https:\/\/www.mb-personal-consulting.ch\/cms\/?p=54"},"modified":"2021-07-06T13:03:29","modified_gmt":"2021-07-06T11:03:29","slug":"ihr-nutzwert","status":"publish","type":"page","link":"https:\/\/www.mb-personal-consulting.ch\/cms\/index.php\/ihr-nutzwert\/","title":{"rendered":"Ihr Nutzwert"},"content":{"rendered":"\n<p>Die Zusammenarbeit mit meinen AuftraggeberInnen baut auf gegenseitigem Vertrauen und Loyalit\u00e4t auf.<br>\u00a0<br>Damit Sie Ihre Ziele optimal erreichen k\u00f6nnen, ist es mir sehr wichtig, dass Sie Ihren Nutzwert in der Zusammenarbeit mit mir einsch\u00e4tzen k\u00f6nnen.<br>\u00a0<br>Ich biete Ihnen:<\/p>\n\n\n\n<ul class=\"wp-block-list\"><li>ganzheitliche und volle Nutzung der Erfahrung und des Wissens der Beratungs- und Begleitpersonen f\u00fcr Ihre eigene Entwicklung, f\u00fcr die Entwicklung Ihrer Mitarbeiter, Ihrer F\u00fchrungskr\u00e4fte und Ihres Unternehmens.<\/li><li>volle Transparenz in jeder Situation der Zusammenarbeit<\/li><li>Gew\u00e4hrleistung einer jederzeit respektvollen und partnerschaftlichen Begleitung und Zusammenarbeit, welche auf der vollen Wahrung der Vertraulichkeit baut.<\/li><\/ul>\n\n\n\n<p>Mein externes Wissen in Verbindung mit Ihren internen M\u00f6glichkeiten ergibt die Energie f\u00fcr die zukunftsorientierte Weiterentwicklung Ihrer Projekte, Ziele und Ihrer Zukunft ganz nach unserem Leitsatz: \u00abDer Mensch im Zentrum f\u00fcr eine Zukunft mit Zukunft.\u00bb<\/p>\n","protected":false},"excerpt":{"rendered":"<p>Die Zusammenarbeit mit meinen AuftraggeberInnen baut auf gegenseitigem Vertrauen und Loyalit\u00e4t auf.\u00a0Damit Sie Ihre Ziele optimal erreichen k\u00f6nnen, ist es mir sehr wichtig, dass Sie Ihren Nutzwert in der Zusammenarbeit mit mir einsch\u00e4tzen k\u00f6nnen.\u00a0Ich biete Ihnen: ganzheitliche und volle Nutzung der Erfahrung und des Wissens der Beratungs- und Begleitpersonen f\u00fcr Ihre eigene Entwicklung, f\u00fcr die &hellip; <a href=\"https:\/\/www.mb-personal-consulting.ch\/cms\/index.php\/ihr-nutzwert\/\" class=\"more-link\"><span class=\"screen-reader-text\">Ihr Nutzwert<\/span> weiterlesen<\/a><\/p>\n","protected":false},"author":1,"featured_media":0,"parent":0,"menu_order":0,"comment_status":"closed","ping_status":"open","template":"","meta":{"footnotes":""},"class_list":["post-54","page","type-page","status-publish","hentry"],"_links":{"self":[{"href":"https:\/\/www.mb-personal-consulting.ch\/cms\/index.php\/wp-json\/wp\/v2\/pages\/54","targetHints":{"allow":["GET"]}}],"collection":[{"href":"https:\/\/www.mb-personal-consulting.ch\/cms\/index.php\/wp-json\/wp\/v2\/pages"}],"about":[{"href":"https:\/\/www.mb-personal-consulting.ch\/cms\/index.php\/wp-json\/wp\/v2\/types\/page"}],"author":[{"embeddable":true,"href":"https:\/\/www.mb-personal-consulting.ch\/cms\/index.php\/wp-json\/wp\/v2\/users\/1"}],"replies":[{"embeddable":true,"href":"https:\/\/www.mb-personal-consulting.ch\/cms\/index.php\/wp-json\/wp\/v2\/comments?post=54"}],"version-history":[{"count":3,"href":"https:\/\/www.mb-personal-consulting.ch\/cms\/index.php\/wp-json\/wp\/v2\/pages\/54\/revisions"}],"predecessor-version":[{"id":390,"href":"https:\/\/www.mb-personal-consulting.ch\/cms\/index.php\/wp-json\/wp\/v2\/pages\/54\/revisions\/390"}],"wp:attachment":[{"href":"https:\/\/www.mb-personal-consulting.ch\/cms\/index.php\/wp-json\/wp\/v2\/media?parent=54"}],"curies":[{"name":"wp","href":"https:\/\/api.w.org\/{rel}","templated":true}]}}