{"id":55,"date":"2021-04-14T12:25:36","date_gmt":"2021-04-14T10:25:36","guid":{"rendered":"https:\/\/www.mb-personal-consulting.ch\/cms\/?p=55"},"modified":"2025-06-26T18:05:30","modified_gmt":"2025-06-26T16:05:30","slug":"netzwerk-mensch-im-zentrum","status":"publish","type":"page","link":"https:\/\/www.mb-personal-consulting.ch\/cms\/index.php\/netzwerk-mensch-im-zentrum\/","title":{"rendered":"Ihr Zukunfts-Team &#8211; Mensch im Zentrum"},"content":{"rendered":"\n<p>Ein Netzwerk von Menschen im Dienst und im Interessen f\u00fcr Menschen. Im \u00abNetzwerk Mensch im Zentrum\u00bb arbeite ich mit ausgewiesenen Fachpersonen zusammen, welche ich erg\u00e4nzend zu meiner T\u00e4tigkeit hinzu ziehe oder auch gerne ohne mich in einen Prozess mit einbezogen werden k\u00f6nnen.<br><br><\/p>\n\n\n\n<figure class=\"wp-block-image size-full is-resized\"><img loading=\"lazy\" decoding=\"async\" width=\"531\" height=\"529\" src=\"https:\/\/www.mb-personal-consulting.ch\/cms\/wp-content\/uploads\/2022\/08\/Vreny_Flueckiger_mb-personal-consulting.ch_.jpg\" alt=\"\" class=\"wp-image-600\" style=\"width:188px;height:187px\" srcset=\"https:\/\/www.mb-personal-consulting.ch\/cms\/wp-content\/uploads\/2022\/08\/Vreny_Flueckiger_mb-personal-consulting.ch_.jpg 531w, https:\/\/www.mb-personal-consulting.ch\/cms\/wp-content\/uploads\/2022\/08\/Vreny_Flueckiger_mb-personal-consulting.ch_-300x300.jpg 300w, https:\/\/www.mb-personal-consulting.ch\/cms\/wp-content\/uploads\/2022\/08\/Vreny_Flueckiger_mb-personal-consulting.ch_-150x150.jpg 150w\" sizes=\"auto, (max-width: 531px) 100vw, 531px\" \/><\/figure>\n\n\n\n<p><strong>Vreny Fl\u00fcckiger<\/strong><\/p>\n\n\n\n<p>Kunsttherapeutin mit eidgen\u00f6ssischem Diplom, Fachrichtung Gestaltungs- und Maltherapie<\/p>\n\n\n\n<p>Lehrtherapeutin OdA ARTECURA<\/p>\n\n\n\n<p>Diplom Malp\u00e4dagogik, Weiterbildungen in der Sonder-\/Sozialp\u00e4dagogik<br>Eigene Praxis in Huttwil BE <a href=\"http:\/\/www.atelier-freiraum.ch\" target=\"_blank\" rel=\"noreferrer noopener\">www.atelier-freiraum.ch<\/a> (Krankenkassen Qualit\u00e4tslabel, EMR, VISANA, EGK anerkannt)<\/p>\n\n\n\n<p>Kunsttherapeutische T\u00e4tigkeits- und Fachgebiete:<\/p>\n\n\n\n<p>\u00e2\u20ac\u00a2 Schwerpunkt: Kinder und Erwachsene mit psychischen und psychosomatischen Belastungen\/Erkrankungen, Buchungen in Einzel \u2013 und Gruppen Settings m\u00f6glich<br>\u00e2\u20ac\u00a2 Lehrtherapie f\u00fcr Kunsttherapiestudenten<br>\u00e2\u20ac\u00a2 Dozentin bei Magenta-Akademie Reiden<br>\u00e2\u20ac\u00a2 Weiterbildungen f\u00fcr Therapeutische und P\u00e4dagogische Fachpersonen<br>\u00e2\u20ac\u00a2 Kreatives Coaching f\u00fcr Menschen in \u00abhelfenden\u00bb Berufen, um die eigene Balance und Selbstheilungskr\u00e4fte zu st\u00e4rken<br>\u00e2\u20ac\u00a2 Farbige und Kreative Teambildung<br>\u00e2\u20ac\u00a2 Kurse f\u00fcr die pers\u00f6nliche Entwicklung<br><br>Bericht im Unter-Emmentaler August 2022  <\/p>\n\n\n\n<div class=\"wp-block-file\"><a id=\"wp-block-file--media-812b05d9-cbae-4df9-b8e7-f63ce7b1d49a\" href=\"https:\/\/www.mb-personal-consulting.ch\/cms\/wp-content\/uploads\/2022\/08\/mb-personal-consulting_ch_Vreny-Flueckiger_UE_09_08_Kunsttherapie.pdf\" target=\"_blank\" rel=\"noreferrer noopener\">Vreny-Flueckiger_Kunsttherapie<\/a><a href=\"https:\/\/www.mb-personal-consulting.ch\/cms\/wp-content\/uploads\/2022\/08\/mb-personal-consulting_ch_Vreny-Flueckiger_UE_09_08_Kunsttherapie.pdf\" class=\"wp-block-file__button wp-element-button\" download aria-describedby=\"wp-block-file--media-812b05d9-cbae-4df9-b8e7-f63ce7b1d49a\">Herunterladen<\/a><\/div>\n\n\n\n<p>Telefon: 079 812 34 72<br><br><\/p>\n\n\n\n<figure class=\"wp-block-image size-large is-resized\"><img loading=\"lazy\" decoding=\"async\" width=\"150\" height=\"200\" src=\"https:\/\/www.mb-personal-consulting.ch\/cms\/wp-content\/uploads\/2021\/06\/Franziska_beck_150x200Px.jpg\" alt=\"\" class=\"wp-image-335\" style=\"width:166px;height:221px\"\/><\/figure>\n\n\n\n<p><strong>Franziska Beck<\/strong><br>Fachpsychologin f\u00fcr Psychotherapie FSP<br>lic. phil. Psychologin (Master of Science Universit\u00e4t Z\u00fcrich)<br>Dipl. Neuro- und Biofeedback Therapeutin<br>(nach Richtlinien des EMR, ASCA und der NOS)<br>eidg. dipl. Turn- und Sportlehrerin Diplom II (Master of Science ETH Z\u00fcrich)<\/p>\n\n\n\n<p>Arbeitsorte: Luzern und Z\u00fcrich<br><br>Telefon: 078 662 94 22<br><br><\/p>\n\n\n\n<figure class=\"wp-block-image size-large is-resized\"><img loading=\"lazy\" decoding=\"async\" width=\"715\" height=\"682\" src=\"https:\/\/www.mb-personal-consulting.ch\/cms\/wp-content\/uploads\/2021\/06\/RA_Josef_Flury_Luzern_06102017_01.jpg\" alt=\"\" class=\"wp-image-314\" style=\"width:193px;height:186px\" srcset=\"https:\/\/www.mb-personal-consulting.ch\/cms\/wp-content\/uploads\/2021\/06\/RA_Josef_Flury_Luzern_06102017_01.jpg 715w, https:\/\/www.mb-personal-consulting.ch\/cms\/wp-content\/uploads\/2021\/06\/RA_Josef_Flury_Luzern_06102017_01-300x286.jpg 300w\" sizes=\"auto, (max-width: 715px) 100vw, 715px\" \/><\/figure>\n\n\n\n<p><strong>Josef Flury<\/strong><br>lic. iur. Rechtsanwalt<\/p>\n\n\n\n<p>Rechtsanwaltsb\u00fcro in Luzern<\/p>\n\n\n\n<p>Telefon: 041 541 19 05<\/p>\n\n\n\n<p>T\u00e4tigkeitshauptgebiete:<br><br>&#8211; Haftpflicht-, Schadens-, und Versicherungsrecht<br>&#8211; Sozialversicherungsrecht<br>&#8211; Opferhilferecht<br>&#8211; Strafrecht inkl. Strassenverkehrsrecht<br>&#8211; Vertragsrecht, inkl. Werkvertrags- und Werkvertragshaftpflichtrecht<br>&#8211; Mietrecht<br>&#8211; Privatrecht<br>&#8211; Bauhandwerkerpfandrecht<\/p>\n","protected":false},"excerpt":{"rendered":"<p>Ein Netzwerk von Menschen im Dienst und im Interessen f\u00fcr Menschen. Im \u00abNetzwerk Mensch im Zentrum\u00bb arbeite ich mit ausgewiesenen Fachpersonen zusammen, welche ich erg\u00e4nzend zu meiner T\u00e4tigkeit hinzu ziehe oder auch gerne ohne mich in einen Prozess mit einbezogen werden k\u00f6nnen. Vreny Fl\u00fcckiger Kunsttherapeutin mit eidgen\u00f6ssischem Diplom, Fachrichtung Gestaltungs- und Maltherapie Lehrtherapeutin OdA ARTECURA &hellip; <a href=\"https:\/\/www.mb-personal-consulting.ch\/cms\/index.php\/netzwerk-mensch-im-zentrum\/\" class=\"more-link\"><span class=\"screen-reader-text\">Ihr Zukunfts-Team &#8211; Mensch im Zentrum<\/span> weiterlesen<\/a><\/p>\n","protected":false},"author":1,"featured_media":0,"parent":0,"menu_order":0,"comment_status":"closed","ping_status":"open","template":"","meta":{"footnotes":""},"class_list":["post-55","page","type-page","status-publish","hentry"],"_links":{"self":[{"href":"https:\/\/www.mb-personal-consulting.ch\/cms\/index.php\/wp-json\/wp\/v2\/pages\/55","targetHints":{"allow":["GET"]}}],"collection":[{"href":"https:\/\/www.mb-personal-consulting.ch\/cms\/index.php\/wp-json\/wp\/v2\/pages"}],"about":[{"href":"https:\/\/www.mb-personal-consulting.ch\/cms\/index.php\/wp-json\/wp\/v2\/types\/page"}],"author":[{"embeddable":true,"href":"https:\/\/www.mb-personal-consulting.ch\/cms\/index.php\/wp-json\/wp\/v2\/users\/1"}],"replies":[{"embeddable":true,"href":"https:\/\/www.mb-personal-consulting.ch\/cms\/index.php\/wp-json\/wp\/v2\/comments?post=55"}],"version-history":[{"count":47,"href":"https:\/\/www.mb-personal-consulting.ch\/cms\/index.php\/wp-json\/wp\/v2\/pages\/55\/revisions"}],"predecessor-version":[{"id":1008,"href":"https:\/\/www.mb-personal-consulting.ch\/cms\/index.php\/wp-json\/wp\/v2\/pages\/55\/revisions\/1008"}],"wp:attachment":[{"href":"https:\/\/www.mb-personal-consulting.ch\/cms\/index.php\/wp-json\/wp\/v2\/media?parent=55"}],"curies":[{"name":"wp","href":"https:\/\/api.w.org\/{rel}","templated":true}]}}