{"id":6,"date":"2021-03-19T15:19:58","date_gmt":"2021-03-19T14:19:58","guid":{"rendered":"http:\/\/www.mb-personal-consulting.ch\/cms\/?page_id=6"},"modified":"2025-02-14T09:41:05","modified_gmt":"2025-02-14T08:41:05","slug":"startseite","status":"publish","type":"page","link":"https:\/\/www.mb-personal-consulting.ch\/cms\/","title":{"rendered":"Herzlich willkommen!"},"content":{"rendered":"\n<figure class=\"wp-block-gallery has-nested-images columns-default is-cropped wp-block-gallery-1 is-layout-flex wp-block-gallery-is-layout-flex\">\n<figure class=\"wp-block-image size-full\"><img loading=\"lazy\" decoding=\"async\" width=\"800\" height=\"282\" data-id=\"993\" src=\"https:\/\/www.mb-personal-consulting.ch\/cms\/wp-content\/uploads\/2025\/02\/bieri_thumbnail_image004.jpg\" alt=\"\" class=\"wp-image-993\" srcset=\"https:\/\/www.mb-personal-consulting.ch\/cms\/wp-content\/uploads\/2025\/02\/bieri_thumbnail_image004.jpg 800w, https:\/\/www.mb-personal-consulting.ch\/cms\/wp-content\/uploads\/2025\/02\/bieri_thumbnail_image004-300x106.jpg 300w, https:\/\/www.mb-personal-consulting.ch\/cms\/wp-content\/uploads\/2025\/02\/bieri_thumbnail_image004-768x271.jpg 768w\" sizes=\"auto, (max-width: 800px) 100vw, 800px\" \/><\/figure>\n<\/figure>\n\n\n\n<p><\/p>\n\n\n\n<figure class=\"wp-block-image size-full\"><img loading=\"lazy\" decoding=\"async\" width=\"671\" height=\"100\" src=\"https:\/\/www.mb-personal-consulting.ch\/cms\/wp-content\/uploads\/2022\/09\/Der_Mensch_im_Zentrum_fuer_eine_Zukunft_mit_Zukunft_Markus_Bieri_Luzern6.jpg\" alt=\"\" class=\"wp-image-660\" srcset=\"https:\/\/www.mb-personal-consulting.ch\/cms\/wp-content\/uploads\/2022\/09\/Der_Mensch_im_Zentrum_fuer_eine_Zukunft_mit_Zukunft_Markus_Bieri_Luzern6.jpg 671w, https:\/\/www.mb-personal-consulting.ch\/cms\/wp-content\/uploads\/2022\/09\/Der_Mensch_im_Zentrum_fuer_eine_Zukunft_mit_Zukunft_Markus_Bieri_Luzern6-300x45.jpg 300w\" sizes=\"auto, (max-width: 671px) 100vw, 671px\" \/><\/figure>\n\n\n\n<p><\/p>\n\n\n\n<p class=\"has-medium-pink-color has-text-color\"><\/p>\n\n\n\n<p>Ich begr\u00fcsse Sie auf <strong>MB<\/strong>&#8211;<strong>P<\/strong>ERSONAL-<strong>C<\/strong>ONSULTING.CH.<br><br>Sie m\u00f6chten sich <strong>ent-wickeln<\/strong> und wollen in Ihrem Leben etwas ver\u00e4ndern?! <br><br>Dann <strong>begleite ich Sie gerne<\/strong> auf dem <strong>Weg Ihrer weiteren Ent-Wicklung Ihrer Einzigartigkeit<\/strong> und der <strong>Umsetzung dieser f\u00fcr Ihre Zukunft mit Zukunft<\/strong>.<\/p>\n\n\n\n<p><strong>Zusammen mit Ihnen und meinen Dienstleistungen<\/strong> verleihe ich Ihnen als <strong>Privatperson oder Unternehmen<\/strong> jenes Farbprofil, welches Ihre St\u00e4rken zum Leuchten bringt und Ihre Merkmale herausragen l\u00e4sst.<br><br><strong>F\u00fcr mich steht der Mensch im Zentrum, dies als Einzelperson, in Teams und als Mitarbeiter im Unternehmen.<\/strong><br><br>Sollen <strong>Ihre Farben zuk\u00fcnftig kr\u00e4ftig leuchten<\/strong> und m\u00f6chten <strong>Sie sich nachhaltig weiterentwickeln?<\/strong><br><br>Dann bin ich Ihr Partner f\u00fcr <strong>Ihre Zukunft mit Zukunft&#8230;<\/strong> Ich freue mich auf Sie!<\/p>\n\n\n\n<figure class=\"wp-block-image size-large\"><img loading=\"lazy\" decoding=\"async\" width=\"1024\" height=\"683\" src=\"https:\/\/www.mb-personal-consulting.ch\/cms\/wp-content\/uploads\/2021\/04\/Markus_Bieri_V2_02-1024x683.jpg\" alt=\"\" class=\"wp-image-100\" srcset=\"https:\/\/www.mb-personal-consulting.ch\/cms\/wp-content\/uploads\/2021\/04\/Markus_Bieri_V2_02-1024x683.jpg 1024w, https:\/\/www.mb-personal-consulting.ch\/cms\/wp-content\/uploads\/2021\/04\/Markus_Bieri_V2_02-300x200.jpg 300w, https:\/\/www.mb-personal-consulting.ch\/cms\/wp-content\/uploads\/2021\/04\/Markus_Bieri_V2_02-768x512.jpg 768w, https:\/\/www.mb-personal-consulting.ch\/cms\/wp-content\/uploads\/2021\/04\/Markus_Bieri_V2_02-1536x1024.jpg 1536w, https:\/\/www.mb-personal-consulting.ch\/cms\/wp-content\/uploads\/2021\/04\/Markus_Bieri_V2_02-2048x1366.jpg 2048w, https:\/\/www.mb-personal-consulting.ch\/cms\/wp-content\/uploads\/2021\/04\/Markus_Bieri_V2_02-90x60.jpg 90w\" sizes=\"auto, (max-width: 1024px) 100vw, 1024px\" \/><figcaption class=\"wp-element-caption\">Markus Bieri<\/figcaption><\/figure>\n\n\n\n<p><em>\u00abWenn man die richtige Entscheidung treffen will, muss man wissen, welches die falsche Entscheidung ist. Und den anderen Weg furchtlos und ohne zu z\u00f6gern \u00fcberpr\u00fcfen und sich dann entscheiden.\u00bb<\/em><\/p>\n\n\n\n<p><em>Paulo Coelho aus \u00abauf dem Jakobsweg\u00bb<\/em><\/p>\n","protected":false},"excerpt":{"rendered":"<p>Ich begr\u00fcsse Sie auf MB&#8211;PERSONAL-CONSULTING.CH. Sie m\u00f6chten sich ent-wickeln und wollen in Ihrem Leben etwas ver\u00e4ndern?! Dann begleite ich Sie gerne auf dem Weg Ihrer weiteren Ent-Wicklung Ihrer Einzigartigkeit und der Umsetzung dieser f\u00fcr Ihre Zukunft mit Zukunft. Zusammen mit Ihnen und meinen Dienstleistungen verleihe ich Ihnen als Privatperson oder Unternehmen jenes Farbprofil, welches Ihre &hellip; <a href=\"https:\/\/www.mb-personal-consulting.ch\/cms\/\" class=\"more-link\"><span class=\"screen-reader-text\">Herzlich willkommen!<\/span> weiterlesen<\/a><\/p>\n","protected":false},"author":1,"featured_media":0,"parent":0,"menu_order":0,"comment_status":"closed","ping_status":"closed","template":"","meta":{"footnotes":""},"class_list":["post-6","page","type-page","status-publish","hentry"],"_links":{"self":[{"href":"https:\/\/www.mb-personal-consulting.ch\/cms\/index.php\/wp-json\/wp\/v2\/pages\/6","targetHints":{"allow":["GET"]}}],"collection":[{"href":"https:\/\/www.mb-personal-consulting.ch\/cms\/index.php\/wp-json\/wp\/v2\/pages"}],"about":[{"href":"https:\/\/www.mb-personal-consulting.ch\/cms\/index.php\/wp-json\/wp\/v2\/types\/page"}],"author":[{"embeddable":true,"href":"https:\/\/www.mb-personal-consulting.ch\/cms\/index.php\/wp-json\/wp\/v2\/users\/1"}],"replies":[{"embeddable":true,"href":"https:\/\/www.mb-personal-consulting.ch\/cms\/index.php\/wp-json\/wp\/v2\/comments?post=6"}],"version-history":[{"count":68,"href":"https:\/\/www.mb-personal-consulting.ch\/cms\/index.php\/wp-json\/wp\/v2\/pages\/6\/revisions"}],"predecessor-version":[{"id":994,"href":"https:\/\/www.mb-personal-consulting.ch\/cms\/index.php\/wp-json\/wp\/v2\/pages\/6\/revisions\/994"}],"wp:attachment":[{"href":"https:\/\/www.mb-personal-consulting.ch\/cms\/index.php\/wp-json\/wp\/v2\/media?parent=6"}],"curies":[{"name":"wp","href":"https:\/\/api.w.org\/{rel}","templated":true}]}}